{"id":222,"date":"2021-10-20T10:12:11","date_gmt":"2021-10-20T08:12:11","guid":{"rendered":"https:\/\/www.samt.fr\/?page_id=222"},"modified":"2026-03-03T12:04:59","modified_gmt":"2026-03-03T11:04:59","slug":"fiches-didentite","status":"publish","type":"page","link":"https:\/\/www.samt.fr\/en\/fiches-didentite\/","title":{"rendered":"Company profile"},"content":{"rendered":"<div class=\"vc_row wpb_row vc_row-fluid\"><div class=\"wpb_column vc_column_container vc_col-sm-12\"><div class=\"vc_column-inner\"><div class=\"wpb_wrapper\">\n\t<div class=\"wpb_text_column wpb_content_element\" >\n\t\t<div class=\"wpb_wrapper\">\n\t\t\t<h1>Company profile<\/h1>\n\n\t\t<\/div>\n\t<\/div>\n<\/div><\/div><\/div><\/div><div class=\"vc_row wpb_row vc_row-fluid\"><div class=\"wpb_column vc_column_container vc_col-sm-12\"><div class=\"vc_column-inner\"><div class=\"wpb_wrapper\"><h3 style=\"text-align: left\" class=\"vc_custom_heading\" >SAMT<br \/>\nGroup founded by Edgard Thirion in 1988<\/h3><div class=\"vc_empty_space\"   style=\"height: 32px\"><span class=\"vc_empty_space_inner\"><\/span><\/div>\n\t<div class=\"wpb_video_widget wpb_content_element vc_clearfix   vc_video-aspect-ratio-169 vc_video-el-width-100 vc_video-align-left\" >\n\t\t<div class=\"wpb_wrapper\">\n\t\t\t\n\t\t\t<div class=\"wpb_video_wrapper\"><iframe loading=\"lazy\" title=\"SAMT Les Armaturiers\" width=\"500\" height=\"281\" src=\"https:\/\/www.youtube.com\/embed\/f1CFObGUiJE?feature=oembed\" frameborder=\"0\" allow=\"accelerometer; autoplay; clipboard-write; encrypted-media; gyroscope; picture-in-picture; web-share\" referrerpolicy=\"strict-origin-when-cross-origin\" allowfullscreen><\/iframe><\/div>\n\t\t<\/div>\n\t<\/div>\n<div class=\"vc_empty_space\"   style=\"height: 32px\"><span class=\"vc_empty_space_inner\"><\/span><\/div>\n\t<div class=\"wpb_text_column wpb_content_element\" >\n\t\t<div class=\"wpb_wrapper\">\n\t\t\t<p>We are known as \"the reinforcing steel specialists\". We guarantee the stability of structures that are entrusted to us, a commitment which entails genuine expertise. We construct, in all weather, in the mud and under pressure, a wizardry of a spider\u2019s web stitched by a steel thread, with the skill of a master tailor. Infinity is our emblem. It perfectly expresses our sense of this art, our taste for excellence, our will to always respond to new technical challenges, our unity on the worksite and the knot of the steel that we tie.<\/p>\n\n\t\t<\/div>\n\t<\/div>\n<\/div><\/div><\/div><\/div><div class=\"vc_row wpb_row vc_row-fluid\"><div class=\"wpb_column vc_column_container vc_col-sm-12\"><div class=\"vc_column-inner\"><div class=\"wpb_wrapper\">\n\t<div class=\"wpb_text_column wpb_content_element\" >\n\t\t<div class=\"wpb_wrapper\">\n\t\t\t<p>3 structures have been built up and added together over time, 3 complementary trades that have enabled us to position ourselves as reinforcement specialists. As we have grown, we have built up a unique service for the companies that place their trust in us.<\/p>\n\n\t\t<\/div>\n\t<\/div>\n<div class=\"vc_row wpb_row vc_inner vc_row-fluid\"><div class=\"wpb_column vc_column_container vc_col-sm-4\"><div class=\"vc_column-inner\"><div class=\"wpb_wrapper\">\n\t<div  class=\"wpb_single_image wpb_content_element vc_align_center\">\n\t\t\n\t\t<figure class=\"wpb_wrapper vc_figure\">\n\t\t\t<div class=\"vc_single_image-wrapper   vc_box_border_grey\"><img loading=\"lazy\" decoding=\"async\" width=\"150\" height=\"150\" src=\"https:\/\/www.samt.fr\/wp-content\/uploads\/2022\/01\/logo_samt_ingenierie-150x150.png\" class=\"vc_single_image-img attachment-thumbnail\" alt=\"\" \/><\/div>\n\t\t<\/figure>\n\t<\/div>\n\n\t<div class=\"wpb_text_column wpb_content_element\" >\n\t\t<div class=\"wpb_wrapper\">\n\t\t\t<p style=\"text-align: center;\"><strong>CA : ~ 1.5 M\u20ac.<\/strong><br \/>\nStaff : 15<br \/>\nGuillaume THIRION : Legal representative<br \/>\nEdgard THIRION : Legal representative<\/p>\n\n\t\t<\/div>\n\t<\/div>\n<\/div><\/div><\/div><div class=\"wpb_column vc_column_container vc_col-sm-4\"><div class=\"vc_column-inner\"><div class=\"wpb_wrapper\">\n\t<div  class=\"wpb_single_image wpb_content_element vc_align_center\">\n\t\t\n\t\t<figure class=\"wpb_wrapper vc_figure\">\n\t\t\t<div class=\"vc_single_image-wrapper   vc_box_border_grey\"><img loading=\"lazy\" decoding=\"async\" width=\"150\" height=\"150\" src=\"https:\/\/www.samt.fr\/wp-content\/uploads\/2022\/01\/logo_samt_pose-150x150.png\" class=\"vc_single_image-img attachment-thumbnail\" alt=\"\" \/><\/div>\n\t\t<\/figure>\n\t<\/div>\n\n\t<div class=\"wpb_text_column wpb_content_element\" >\n\t\t<div class=\"wpb_wrapper\">\n\t\t\t<p style=\"text-align: center;\"><strong>CA : ~ 55 M\u20ac.<\/strong><br \/>\nStaff : ~170<br \/>\nContract Staff: 200<br \/>\nProduction:\nminimum 2,500 tons \u2013 3,500 tons\nper month<br \/>\nEdgard THIRION : Managing director<br \/>\nFr\u00e9d\u00e9ric THIRION : Chairman<\/p>\n\n\t\t<\/div>\n\t<\/div>\n<\/div><\/div><\/div><div class=\"wpb_column vc_column_container vc_col-sm-4\"><div class=\"vc_column-inner\"><div class=\"wpb_wrapper\">\n\t<div  class=\"wpb_single_image wpb_content_element vc_align_center\">\n\t\t\n\t\t<figure class=\"wpb_wrapper vc_figure\">\n\t\t\t<div class=\"vc_single_image-wrapper   vc_box_border_grey\"><img loading=\"lazy\" decoding=\"async\" width=\"150\" height=\"150\" src=\"https:\/\/www.samt.fr\/wp-content\/uploads\/2022\/01\/logo_samt_ocean_indien-150x150.png\" class=\"vc_single_image-img attachment-thumbnail\" alt=\"\" \/><\/div>\n\t\t<\/figure>\n\t<\/div>\n\n\t<div class=\"wpb_text_column wpb_content_element\" >\n\t\t<div class=\"wpb_wrapper\">\n\t\t\t<p style=\"text-align: center;\"><strong>CA : ~ 7.5 M\u20ac.<\/strong><br \/>\nStaff : 25<br \/>\nCurrent Production capacity<br \/>\n2,000 tons per month<br \/>\nFr\u00e9d\u00e9ric THIRION : Manager<\/p>\n\n\t\t<\/div>\n\t<\/div>\n<\/div><\/div><\/div><\/div>\n\t<div class=\"wpb_text_column wpb_content_element\" >\n\t\t<div class=\"wpb_wrapper\">\n\t\t\t<p>Our vocation is to build reinforcements for engineering structures such as viaducts, nuclear power plants and unusual buildings.<\/p>\n<p style=\"text-align: center;\">Rigor,<br \/>\nSecurity,<br \/>\nExperience,<br \/>\nReactivity,<br \/>\nAnticipation,<br \/>\nKnow-how,<br \/>\nEnergy...<br \/>\nand a taste for challenge.<\/p>\n\n\t\t<\/div>\n\t<\/div>\n\n\t<div  class=\"wpb_single_image wpb_content_element vc_align_left\">\n\t\t\n\t\t<figure class=\"wpb_wrapper vc_figure\">\n\t\t\t<div class=\"vc_single_image-wrapper   vc_box_border_grey\"><img loading=\"lazy\" decoding=\"async\" width=\"1920\" height=\"1080\" src=\"https:\/\/www.samt.fr\/wp-content\/uploads\/2022\/01\/samt_viaduc_de_millau1.jpg\" class=\"vc_single_image-img attachment-full\" alt=\"\" \/><\/div>\n\t\t<\/figure>\n\t<\/div>\n\n\t<div class=\"wpb_text_column wpb_content_element\" >\n\t\t<div class=\"wpb_wrapper\">\n\t\t\t<p>Millau Viaduct<\/p>\n\n\t\t<\/div>\n\t<\/div>\n<\/div><\/div><\/div><\/div><div class=\"vc_row wpb_row vc_row-fluid\"><div class=\"wpb_column vc_column_container vc_col-sm-12\"><div class=\"vc_column-inner\"><div class=\"wpb_wrapper\"><div class=\"vc_separator wpb_content_element vc_separator_align_center vc_sep_width_100 vc_sep_pos_align_center vc_separator_no_text vc_sep_color_grey\" ><span class=\"vc_sep_holder vc_sep_holder_l\"><span  class=\"vc_sep_line\"><\/span><\/span><span class=\"vc_sep_holder vc_sep_holder_r\"><span  class=\"vc_sep_line\"><\/span><\/span>\n<\/div><h3 style=\"text-align: left\" class=\"vc_custom_heading\" >Professional equality index<\/h3>\n\t<div class=\"wpb_text_column wpb_content_element\" >\n\t\t<div class=\"wpb_wrapper\">\n\t\t\t<p>SAMT est fond\u00e9e sur des valeurs solides que nous partageons avec vous au quotidien. Ce sont ces valeurs qui nous permettent de mettre toujours l\u2019humain et sa s\u00e9curit\u00e9 au c\u0153ur de nos pr\u00e9occupations. Soucieux de l\u2019\u00e9galit\u00e9 professionnelle depuis de nombreuses ann\u00e9es, SAMT Pose obtient en 2026 au titre de l\u2019ann\u00e9e 2025, un index \u00e9galit\u00e9 femmes-hommes incalculable.<\/p>\n<p>This score is broken down as follows:<\/p>\n<ul>\n<li>Pay gap indicator: incalculable because the number of able-bodied groups is less than 40% of the total workforce.<\/li>\n<li>Indicator of individual increase rate differential: 35\/35<\/li>\n<li>Indicator relating to the number of employees who received an increase following their return from maternity leave: incalculable as there were no returns from maternity leave.<\/li>\n<li>Indicateur li\u00e9 au nombre de salari\u00e9s du sexe sous-repr\u00e9sent\u00e9 parmi les 10 plus hautes r\u00e9mun\u00e9rations : 0\/10<\/li>\n<\/ul>\n\n\t\t<\/div>\n\t<\/div>\n<div class=\"vc_separator wpb_content_element vc_separator_align_center vc_sep_width_100 vc_sep_pos_align_center vc_separator_no_text vc_sep_color_grey\" ><span class=\"vc_sep_holder vc_sep_holder_l\"><span  class=\"vc_sep_line\"><\/span><\/span><span class=\"vc_sep_holder vc_sep_holder_r\"><span  class=\"vc_sep_line\"><\/span><\/span>\n<\/div><div class=\"vc_empty_space\"   style=\"height: 32px\"><span class=\"vc_empty_space_inner\"><\/span><\/div><\/div><\/div><\/div><\/div>"},"excerpt":{"rendered":"Fiches d'identit\u00e9 SAMT un groupe cr\u00e9\u00e9 en 1988 par Edgard Thirion On nous appelle \u201cles armaturiers\u201d. [...]","protected":false},"author":1,"featured_media":0,"parent":0,"menu_order":0,"comment_status":"closed","ping_status":"closed","template":"","meta":{"footnotes":""},"class_list":["post-222","page","type-page","status-publish","hentry"],"yoast_head":"<!-- This site is optimized with the Yoast SEO plugin v18.0 - https:\/\/yoast.com\/wordpress\/plugins\/seo\/ -->\n<meta name=\"robots\" content=\"index, follow, max-snippet:-1, max-image-preview:large, max-video-preview:-1\" \/>\n<link rel=\"canonical\" href=\"https:\/\/www.samt.fr\/en\/fiches-didentite\/\" \/>\n<meta property=\"og:locale\" content=\"en_GB\" \/>\n<meta property=\"og:type\" content=\"article\" \/>\n<meta property=\"og:title\" content=\"Fiches d&#039;identit\u00e9 - SAMT\" \/>\n<meta property=\"og:url\" content=\"https:\/\/www.samt.fr\/en\/fiches-didentite\/\" \/>\n<meta property=\"og:site_name\" content=\"SAMT\" \/>\n<meta property=\"article:modified_time\" content=\"2026-03-03T11:04:59+00:00\" \/>\n<meta name=\"twitter:card\" content=\"summary_large_image\" \/>\n<meta name=\"twitter:label1\" content=\"Estimated reading time\" \/>\n\t<meta name=\"twitter:data1\" content=\"3 minutes\" \/>\n<!-- \/ Yoast SEO plugin. -->","yoast_head_json":{"robots":{"index":"index","follow":"follow","max-snippet":"max-snippet:-1","max-image-preview":"max-image-preview:large","max-video-preview":"max-video-preview:-1"},"canonical":"https:\/\/www.samt.fr\/en\/fiches-didentite\/","og_locale":"en_GB","og_type":"article","og_title":"Fiches d'identit\u00e9 - SAMT","og_url":"https:\/\/www.samt.fr\/en\/fiches-didentite\/","og_site_name":"SAMT","article_modified_time":"2026-03-03T11:04:59+00:00","twitter_card":"summary_large_image","twitter_misc":{"Estimated reading time":"3 minutes"},"schema":{"@context":"https:\/\/schema.org","@graph":[{"@type":"WebSite","@id":"https:\/\/www.samt.fr\/#website","url":"https:\/\/www.samt.fr\/","name":"SAMT","description":"Les armaturiers qui r\u00eavent de b\u00e9ton transparent","inLanguage":"en-GB"},{"@type":"WebPage","@id":"https:\/\/www.samt.fr\/fiches-didentite\/#webpage","url":"https:\/\/www.samt.fr\/fiches-didentite\/","name":"Fiches d'identit\u00e9 - SAMT","isPartOf":{"@id":"https:\/\/www.samt.fr\/#website"},"datePublished":"2021-10-20T08:12:11+00:00","dateModified":"2026-03-03T11:04:59+00:00","breadcrumb":{"@id":"https:\/\/www.samt.fr\/fiches-didentite\/#breadcrumb"},"inLanguage":"en-GB","potentialAction":[{"@type":"ReadAction","target":["https:\/\/www.samt.fr\/fiches-didentite\/"]}]},{"@type":"BreadcrumbList","@id":"https:\/\/www.samt.fr\/fiches-didentite\/#breadcrumb","itemListElement":[{"@type":"ListItem","position":1,"name":"Accueil","item":"https:\/\/www.samt.fr\/"},{"@type":"ListItem","position":2,"name":"Fiches d&rsquo;identit\u00e9"}]}]}},"_links":{"self":[{"href":"https:\/\/www.samt.fr\/en\/wp-json\/wp\/v2\/pages\/222","targetHints":{"allow":["GET"]}}],"collection":[{"href":"https:\/\/www.samt.fr\/en\/wp-json\/wp\/v2\/pages"}],"about":[{"href":"https:\/\/www.samt.fr\/en\/wp-json\/wp\/v2\/types\/page"}],"author":[{"embeddable":true,"href":"https:\/\/www.samt.fr\/en\/wp-json\/wp\/v2\/users\/1"}],"replies":[{"embeddable":true,"href":"https:\/\/www.samt.fr\/en\/wp-json\/wp\/v2\/comments?post=222"}],"version-history":[{"count":20,"href":"https:\/\/www.samt.fr\/en\/wp-json\/wp\/v2\/pages\/222\/revisions"}],"predecessor-version":[{"id":1665,"href":"https:\/\/www.samt.fr\/en\/wp-json\/wp\/v2\/pages\/222\/revisions\/1665"}],"wp:attachment":[{"href":"https:\/\/www.samt.fr\/en\/wp-json\/wp\/v2\/media?parent=222"}],"curies":[{"name":"wp","href":"https:\/\/api.w.org\/{rel}","templated":true}]}}