{"id":237,"date":"2021-10-20T10:14:07","date_gmt":"2021-10-20T08:14:07","guid":{"rendered":"https:\/\/www.samt.fr\/?page_id=237"},"modified":"2022-04-11T16:39:19","modified_gmt":"2022-04-11T14:39:19","slug":"references","status":"publish","type":"page","link":"https:\/\/www.samt.fr\/en\/references\/","title":{"rendered":"References"},"content":{"rendered":"<div class=\"vc_row wpb_row vc_row-fluid\"><div class=\"wpb_column vc_column_container vc_col-sm-12\"><div class=\"vc_column-inner\"><div class=\"wpb_wrapper\">\n\t<div class=\"wpb_text_column wpb_content_element\" >\n\t\t<div class=\"wpb_wrapper\">\n\t\t\t<h1>References<\/h1>\n\n\t\t<\/div>\n\t<\/div>\n<\/div><\/div><\/div><\/div><div class=\"vc_row wpb_row vc_row-fluid\"><div class=\"wpb_column vc_column_container vc_col-sm-12\"><div class=\"vc_column-inner\"><div class=\"wpb_wrapper\"><h3 style=\"text-align: left\" class=\"vc_custom_heading\" >Many thanks to\u2026<\/h3>\n\t<div class=\"wpb_text_column wpb_content_element\" >\n\t\t<div class=\"wpb_wrapper\">\n\t\t\t<p>The contracting authorities, prime contractors and companies that have trusted us since 1988 and who have helped us to deliver over 1,000 projects from a simple frame bridge to the most complex viaducts.<\/p>\n\n\t\t<\/div>\n\t<\/div>\n<div class=\"vc_empty_space\"   style=\"height: 32px\"><span class=\"vc_empty_space_inner\"><\/span><\/div>\n\t<div  class=\"wpb_single_image wpb_content_element vc_align_left\">\n\t\t\n\t\t<figure class=\"wpb_wrapper vc_figure\">\n\t\t\t<div class=\"vc_single_image-wrapper   vc_box_border_grey\"><img loading=\"lazy\" decoding=\"async\" width=\"1920\" height=\"1080\" src=\"https:\/\/www.samt.fr\/wp-content\/uploads\/2022\/01\/samt_references.jpg\" class=\"vc_single_image-img attachment-full\" alt=\"\" \/><\/div>\n\t\t<\/figure>\n\t<\/div>\n<div class=\"vc_empty_space\"   style=\"height: 32px\"><span class=\"vc_empty_space_inner\"><\/span><\/div><h3 style=\"text-align: left\" class=\"vc_custom_heading\" >CONSTRUCTION PROJECTS<\/h3>\n\t<div class=\"wpb_text_column wpb_content_element  page-sous-titre\" >\n\t\t<div class=\"wpb_wrapper\">\n\t\t\t<h3>INDUSTRY, PUBLIC WORKS AND BUILDINGS<\/h3>\n\n\t\t<\/div>\n\t<\/div>\n\n\t<div class=\"wpb_text_column wpb_content_element\" >\n\t\t<div class=\"wpb_wrapper\">\n\t\t\t<p>CCE DE MONACO \/ 6 000 T \/ GFC \/ TP mon\u00e9gasque<br \/>\nSIVADES \/ 3 800 T \/ DUMEZ \/ TP mon\u00e9gasque<br \/>\nPARKING PORTIER MONACO \/ 1 400 T \/ I.B. \/ TP mon\u00e9gasque<br \/>\n\u00ceLOT 1 MONACO \/ 3 000 T \/ DUMEZ \/ TP mon\u00e9gasque<br \/>\nPARKING ANTOINE 1ER \/ 800 T \/ I.B. \/ TP mon\u00e9gasque<br \/>\nSMEG \u00c0 MONACO \/ 1 000 T \/ DUMEZ \/ TP mon\u00e9gasque<br \/>\nRUCHE VULCAIN \u00c0 MONACO \/ 550 T \/ Pastor \/ TP mon\u00e9gasque<br \/>\nLES AGAVES \u00c0 MONACO \/ 1 300 T \/ I.B. \/ Priv\u00e9<br \/>\nPRINCE GALLES \u00c0 MONACO \/ 900 T \/ GTM \/ Priv\u00e9<br \/>\nPRINCESSE GR\u00c2CE \u00c0 MONACO \/ 400 T \/ Ingeco-Pastor \/ Priv\u00e9<br \/>\nCOLLECTEUR LENVAL \u00c0 NICE \/ 600 T \/ EIFFAGE TP \/ Ville de Nice<br \/>\nPALAIS M\u00c9DITERRAN\u00c9E \/ 1 400 T \/ SMETRA \/ Priv\u00e9<br \/>\nH\u00d4PITAL LANVAL \/ 600 T \/ SAE \/ Priv\u00e9<br \/>\nZAC CHERET \/ 650 T \/ SAE \/ Priv\u00e9<br \/>\nL\u2019ARCHE \u00c0 AIX EN PROVENCE \/ 1 800 T \/ CB \/ Priv\u00e9<br \/>\nSYNCHROTON \u00c0 GRENOBLE \/ 1 500 T \/ Bouygues \/ Cogema<br \/>\nCROLLES \u00c0 GRENOBLE \/ 1 500 T \/ GFC-CB \/ Priv\u00e9<br \/>\nQUAI PAM POSTE 162 \/ 1 000 T \/ Dodin-CB \/ PAM<br \/>\nM\u00c9TRO DE TOULOUSE LOT 5 \/ 2 500 T \/ GTM-Spie<br \/>\nALV\u00c9OLE PYROTECHNIQUE ARSENAL DE TOULON \/ 800 T \/ Dehe TP<br \/>\nUSINE AIRFORGE \u00c0 PAMIERS \/ 800 T \/ priv\u00e9 \/ Spie<br \/>\nPARE BLOCS \u00c0 BOZEL \/ 1 600 T \/ L\u00e9on Grosse \/ CG 74<br \/>\nPARE BLOCS DE PONIENTE \/ 500 T \/ L\u00e9on Grosse \/ CG 74<br \/>\nPARKING R\u00c9PUBLIQUE MARSEILLE \/ 1 900 T \/ Eiffage TP<br \/>\nM\u00c9TRO DE MARSEILLE LA BLANCARDE \/ 2 500 t \/ CBM-GTM-Spie<br \/>\nQUAI DE LA JOLIETTE \/ 1 500 T \/ Eiffage TP \/ PAM<br \/>\nBASSINS 2 ET 3 ARSENAL DE BREST \/ 1 800 T \/ GTM<br \/>\nR\u00c9SERVOIR M\u00c9THANIER FOS \/ 2 200 T \/ Besix-Demathieu &amp; Bard \/ GDF<br \/>\nM\u00c9TRO DE MARSEILLE LA FOURRAGERE \/ 2 000 T \/ CBM-GTM-Spie<br \/>\nTURBINES \u00c0 GAZ CYCOFOS \/ 2 000 T \/ GFC \/ ALSTOM \/ GMES<br \/>\nTURBINE \u00c0 GAZ COMBIGOLFE \/ 1 200 T \/ Demathieu &amp; Bard \/ Alstom<br \/>\nINCIN\u00c9RATEUR FOS-SUR-MER \/ 2 500 t \/ Urbaser environnement<br \/>\nBARRAGE DE CHATOU \/ 1 000 T \/ Bouygues Construction<br \/>\nZAC SAINT-ANTOINE \/ 1 300 T \/ GFC Construction<br \/>\nCENTRALE DU PORT (\u00cele de la R\u00e9union) \/ 1 800 T \/ Eiffage TP<br \/>\nTERMINAL C\u00c9R\u00c9ALIER (\u00cele de la R\u00e9union) \/ 1 200 T \/ SBTPC<br \/>\nQUAI DU PORT DE LONGONI (\u00cele de Mayotte) \/ 1 800 T \/ Colas<br \/>\nBARRAGE DE RIZZANESE (Corse) \/ 800 T \/ Bec \/ EDF<br \/>\nBUNKER BASE A\u00c9RIENNE SAINT-AVOLD \/ 1 000 T \/ Eiffage TP<br \/>\nTERRASSES DU PORT MARSEILLE \/ 11 000 T \/ Vinci<br \/>\nCOUVERTURE ZAC BATIGNOLLES\/9 000T\/Demathieu et Bard\/Semavip<br \/>\nPORT DE ST RAPHAEL \/ 900 T \/ Razel-Bec \/ Ville de Saint-Rapha\u00ebl<br \/>\nSTEP DU GRAND PRADO (\u00cele de La R\u00e9union) \/ 1 100 T \/ SPTPC<br \/>\nPARKING QUAI ALBERT 1ER, MONACO \/ 3500 T \/ Eiffage TP<br \/>\nPAS DE TIR ARIANE 6, CENTRE SPATIAL GUYANAIS \u00c0 KOUROU \/ 6500 T \/ Eiffage TP<br \/>\nGRAND STADE DE LYON \/ 14000 T \/ Vinci Construction<br \/>\nCENTRALE ALBIOMA, BOIS-ROUGE (\u00cele de la R\u00e9union) \/ 300 T \/ GTDI<br \/>\nGRAND PARIS LIGNE \u00c9OLE GARE PORTE MAILLOT \/ 8500 T \/ Bouygues Eiffage<br \/>\nGRAND PARIS LIGNE 15 SUD LOT T3C \/ 20\u2009000\u202fT \/ Vinci &#8211; SPIE<br \/>\nH\u00d4PITAL POINTE-\u00c0-PITRE GUADELOUPE \/ 7\u2009000\u202fT \/ Pizzarotti<br \/>\nUSINE EAU POTABLE ORLY \/ 1\u2009200\u202fT \/ Razel-Bec<br \/>\nPARC \u00c9OLIEN EN MER DE F\u00c9CAMP \/ 33\u2009000\u202fT \/ Bouygues TP<br \/>\nPARKING QUAI ALBERT 1er MONACO \/ 2\u2009800\u202fT \/ SITREN<br \/>\nT\u00c9L\u00c9PH\u00c9RIQUE URBAIN FILAO (\u00cele de la R\u00e9union) \/ 300\u202fT \/ SOGEA<br \/>\nDOME STOCKAGE JARRY ALBIOMA GUADELOUPE \/ 800\u202fT \/ GTOI-SOGETRA<br \/>\nDOME STOCKAGE LE PORT ALBIOMA R\u00c9UNION \/ 1\u2009500\u202fT \/ GTOI<\/p>\n\n\t\t<\/div>\n\t<\/div>\n\n\t<div  class=\"wpb_single_image wpb_content_element vc_align_left\">\n\t\t\n\t\t<figure class=\"wpb_wrapper vc_figure\">\n\t\t\t<div class=\"vc_single_image-wrapper   vc_box_border_grey\"><img loading=\"lazy\" decoding=\"async\" width=\"1920\" height=\"1080\" src=\"https:\/\/www.samt.fr\/wp-content\/uploads\/2022\/01\/samt_nrl.jpg\" class=\"vc_single_image-img attachment-full\" alt=\"\" \/><\/div>\n\t\t<\/figure>\n\t<\/div>\n\n\t<div class=\"wpb_text_column wpb_content_element\" >\n\t\t<div class=\"wpb_wrapper\">\n\t\t\t<p>The New Coast Road, island of R\u00e9union<\/p>\n\n\t\t<\/div>\n\t<\/div>\n<\/div><\/div><\/div><\/div><div class=\"vc_row wpb_row vc_row-fluid\"><div class=\"wpb_column vc_column_container vc_col-sm-12\"><div class=\"vc_column-inner\"><div class=\"wpb_wrapper\"><div class=\"vc_empty_space\"   style=\"height: 32px\"><span class=\"vc_empty_space_inner\"><\/span><\/div>\n\t<div class=\"wpb_text_column wpb_content_element  page-sous-titre\" >\n\t\t<div class=\"wpb_wrapper\">\n\t\t\t<h3>PONTS AUTOROUTIERS, VOIES FERR\u00c9ES ET VIADUCS<\/h3>\n\n\t\t<\/div>\n\t<\/div>\n\n\t<div class=\"wpb_text_column wpb_content_element\" >\n\t\t<div class=\"wpb_wrapper\">\n\t\t\t<p>TOARC LOT 18 LGV EST 70 A \/ 2 500 T \/ Eiffage TP \/ RFF<br \/>\nTUNNEL DE LA MAJOR \/ 1 800 T \/ GTM-CB \/ Ville de Marseille<br \/>\nTR\u00c9MIE DE MONTGEN\u00c8VRE \/ 1 800 T \/ CB-Queyras-Bec \/ DDE 05<br \/>\nPONT AVION LOT 15 H ROISSY \/ 1 000 T \/ Spie \/ ADP<br \/>\nTOARC A55 18 OA \/ 1 600 T \/ GFC \/ Scetauroute<br \/>\nTOARC A89 21 OA \/ 1 400 T \/ Demathieu &amp; Bard \/ Scetauroute<br \/>\nTOARC A20 11 OA \/ 700 T \/ Demathieu &amp; Bard \/ Scetauroute<br \/>\nTOARC A89 6 OA \/ 1 200 T \/ Dodin \/ Scetauroute<br \/>\nTOARC A89 17 OA \/ 1 300 T \/ Dodin \/ Scetauroute<br \/>\nTOARC A89 14 OA \/ 900 T \/ GTM \/ Scetauroute<br \/>\nTOARC A89 14 OA \/ 1 400 T \/ Razel \/ Scetauroute<br \/>\nTOARC A66 23 OA \/ 1 500 T \/ GTM \/ Scetauroute<br \/>\nTOARC A75 12 OA \/ 900 T \/ Lagarrigue \/ Scetauroute \/ DDE Cantal Loz\u00e8re<br \/>\nTGV LOT 21 72 OA \/ 10 000 T \/ GTM \/ SNCF TGV<br \/>\nTGV LOT 22 9 OA \/ 1 200 T \/ CB-QUILLERY \/ SNCF TGV<br \/>\nTGV LOT 33 15 OA \/ 1 500 T \/ FOR\u00c9ZIENNE \/ SNCF TGV<br \/>\nTGV LOT 32 8 OA \/ 1 700 T \/ CB \/ SNCF TGV<br \/>\nTOARC A51 24 OA \/ 1 250 T \/ Dodin-Bec \/ Scetauroute<br \/>\nTOARC A51 11 OA \/ 800 T \/ Pico \/ Scetauroute<br \/>\nLYON A51 9 OA \/ 500 T \/ Pico \/ Scetauroute<br \/>\nLYON A404 18 OA \/ 1 300 T \/ CM \/ Scetauroute<br \/>\nLYON A39 32OA \/ 2 100 T \/ Dalla Vera \/ Scetauroute<br \/>\nVIF A51 8OA \/ 600 T \/ GFC \/ Scetauroute<br \/>\nTR\u00c9MIE JOLIETTE \/ 1 600 T \/ CB \/ Ingerop<br \/>\nTR\u00c9MIE DUNKERQUE \/ 1 300 T \/ CB \/ Ingerop<br \/>\nROCADE L2 \/ 2 400 T \/ CB \/ DDE Bouches-du-Rh\u00f4ne<br \/>\nLGV EST LOT 18 \/ 2 500 T \/ Eiffage TP \/ RFF<br \/>\nLGV PERPIGNAN-FIGUERAS \/ 7 000 T \/ Eiffage TP \/ Concession<br \/>\nLGV RHIN RHONE LOT A1-A2 \/ 4 500 T \/ GTM \/ SETEC<br \/>\nLGV RHIN RHONE LOT A4 \/ 2 500 T \/ BEC-PERTHUIS \/ SETEC<br \/>\nVIADUC DE JAULNY LGV EST \/ 1 200 T \/ Eiffage TP \/ RFF<br \/>\nVIADUC DE LA MOSELLE LGV EST \/ 6 000 T \/ Eiffage TP-OPB \/ RFF<br \/>\nVIADUC MEUSE &amp; CANAL DE L\u2019EST LGV EST \/ 2 500 t \/ Bec D8B \/ RFF<br \/>\nVIADUC SUR L\u2019ARI\u00c8GE \/ 800 T \/ Spie \/ DDE Ari\u00e8ge<br \/>\nVIADUC DE LA COLAGNE \/ 3 000 T \/ Spie \/ DDE Aveyron<br \/>\nVIADUC DE LA SAVANE \/ 4 500 T \/ GTOI-D8B \/ DDE La R\u00e9union<br \/>\nVIADUC DU MONESTIER DE CLERMONT \/ 2 500 t \/ GTM \/ Scetautoroute<br \/>\nVIADUC DU LALONG \/ 800 T \/ Forezienne \/ Scetauroute<br \/>\nVIADUC ACC\u00c8S ROISSY LOT 17 K \/ 1 800 T \/ Spie \/ ADP<br \/>\nVIADUC DU DOUY \/ 600 T \/ Demathieu &amp; Bard \/ DDE Eure-et-Loire<br \/>\nVIADUC DE PORT LE NOUVELLE \/ 500 T \/ Demathieu &amp; Bard \/ DDE PO<br \/>\nVIADUC DE LA R\u00c9OLE \/ 800 T \/ Demathieu &amp; Bard \/ DDE<br \/>\nVIADUC D\u2019ACC\u00c8S A\u00c9ROPORT DE NICE \/ 900 T \/ CB<br \/>\nVIADUC DE GARABIT \/ 1 200 T \/ GTM \/ DDE Cantal<br \/>\nVIADUC PIOU \/ 1 800 T \/ Quillery \/ DDE Loz\u00e8re<br \/>\nVIADUC RIOULON \/ 1 200 T \/ Quillery \/ DDE Loz\u00e8re<br \/>\nVIADUC PLANCHETTE \/ 800 T \/ Ballot \/ DDE Loz\u00e8re<br \/>\nVIADUC DE VERRI\u00c8RE \/ 3 000 T \/ Spie \/ DDE Aveyron<br \/>\nVIADUC DE LA GARRIGUE \/ 1 200 T \/ Dalla Vera \/ DDE Aveyron<br \/>\nVIADUC DE CLIDANE \/ 2 200 T \/ Spie \/ Scetauroute<br \/>\nVIADUC DE LA V\u00c9Z\u00c8RE \/ 1 400 T \/ DDE Vienne<br \/>\nVIADUC DE L\u2019YONNE \/ 1 500 T \/ GTM \/ DDE Yonne<br \/>\nVIADUC DE R\u00c8ZE \/ 1 300 T \/ GTM \/ DDE Loire Atlantique<br \/>\nVIADUC DE LA RAUZE \/ 2 200 T \/ Dodin \/ Scetauroute<br \/>\nVIADUC JULES VERNE \u00c0 AMIENS \/ 2 000 T \/ Demathieu &amp; Bard \/ DDE Somme<br \/>\nVIADUC DE ROQUEMAURE \/ 1 400 T \/ Fougerolles \/ SNCF TGV<br \/>\nVIADUC DE MORNAS \/ 1 500 T \/ Spie-CB \/ SNCF TGV<br \/>\nVIADUC MONDRAGON \/ 1 600 T \/ Spie-CB \/ SNCF TGV<br \/>\nVIADUC DE VENTABREN \/ 5 500 T \/ CB-Spie \/ SNCF TGV<br \/>\nVIADUC SAINTE-MARIE \/ 3 000 T \/ Dodin \/ DDE La R\u00e9union<br \/>\nVIADUC BRAS PANON \/ 400 T \/ DTP \/ DDE La R\u00e9union<br \/>\nVIADUC DE LA RIVI\u00c8RE DES GALETS \/ 1 600 T \/ GTM \/ Scetauroute La R\u00e9union<br \/>\nVIADUC 3 BASSINS \/ 1 800 T \/ Eiffage TP-Razel \/ Arcadis-Thal\u00e8s<br \/>\nVIADUC DE SAINT-PAUL \/ 6 500 T \/ Eiffage TP-Razel \/ DDE La R\u00e9union<br \/>\nVIADUC DE MEAUX \/ 7 000 T \/ Razel \/ DDE Seine-et-Marne<br \/>\nVIADUC DU VAR \/ 1 500 T \/ Eiffage TP \/ DDE Alpes-Maritimes<br \/>\nVIADUC DE MILLAU \/ 14 000 T \/ Eiffage TP \/ Concession Eiffage TP<br \/>\nVIADUC DE VALENCE \/ 1 200 T \/ Eiffage TP \/ DDE Dr\u00f4me<br \/>\nVIADUC RIVI\u00c8RE DES PLUIES \/ 1 500 T \/ Demathieu &amp; Bard \/ DDE La R\u00e9union<br \/>\nVIADUC SUR LA GRANDE RAVINE \/ 2 000 T \/ Vinci Grands Projets \/ Setex<br \/>\nVIADUC RAVINE FONTAINE \/ 800 T \/ Demathieu &amp; Bard-GTOI \/ Greisch<br \/>\nVIADUC DE RIEUCROS \/ 600 T \/ DV Construction \/ DDE Loz\u00e8re<br \/>\nVIADUC DE BOCCOGNANO \/ 500 T \/ CBM-SPIE \/ DDE Corse<br \/>\nPONT D\u2019ABRA \/ 400 T \/ GTM-Razel \/ DDE Corse<br \/>\nLOTS 3, 4, 5 ET 6 AUTOROUTE A65 \/ 8 500 T \/ Eiffage TP \/ Dodin<br \/>\nLOT C1 LGV RHIN-RH\u00d4NE \/ 600 T \/ Spie \/ RFF<br \/>\nTUNNEL DU PERTHUS T\u00caTE NORD \/ 2 000 T \/ Eiffage TP<br \/>\nVIADUC SUR LE GOLO \/ 1 000 T \/ Razel \/ DDE Corse<br \/>\nD\u00c9VIATION DE BOCOGNANO \/ 800 T \/ CBM \/ DDE Corse<br \/>\nPONT D\u2019ALTIANI \/ 400 T \/ Cari \/ DDE Corse<br \/>\nLOTS OANC 1, 3, 7, 9 ROUTE DES TAMARINS (\u00cele de La R\u00e9union) \/ 4 600 T \/ GTOI \/ Demathieu &amp; Bard \/ Dodin<br \/>\nTOARC PLATEAU CAILLOU, TOARC SAINT-PAUL (Route des Tamarins, \u00cele de La R\u00e9union) \/ 1 500 T \/ GTOI<br \/>\nTOARC A63 BIARRITZ\/ONDRES \/ 1 200 T \/ Dodin-GTM<br \/>\nLOTS 12.13.14.15 LIGNE LGV SEA \/ 18 000 T \/ COSEA<br \/>\nLOTS F &amp; G LIGNE LGV BPL \/ 6 000 T \/EIFFAGE TP<br \/>\nPONT SUR LA RIVI\u00c8RE ST \u00c9TIENNE (\u00cele de La R\u00e9union) \/ 4 500 T \/ SPTPC-VINCI \/ R\u00e9gion R\u00e9union<br \/>\nVIADUC EN MER, NOUVELLE ROUTE DU LITTORAL (\u00cele de la R\u00e9union) \/ 52000 T \/ Vinci &#8211; Bouygues TP<br \/>\nDIGUES, NOUVELLE ROUTE DU LITTORAL (\u00cele de la R\u00e9union) \/ 22500 T \/ SBTPC &#8211; GTDI<br \/>\nCONTOURNEMENT LGV N\u00ceMES-MONTPELLIER \/ 13500 T \/ Bouygues &#8211; Spie<br \/>\n\u00c9CHANGEUR DE LA POSSESSION, NOUVELLE ROUTE DU LITTORAL (\u00cele de la R\u00e9union) \/ 2500 T \/ SBTPC &#8211; GTDI<br \/>\nPONT DE LA DURANCE, MANOSQUE \/ 500 T \/ Colas<br \/>\nTOARC B RCEA MOULINS \/ 3800 T \/ Eiffage TP<br \/>\nVIADUC DE MENDE \/ 700 T \/ GTM Sud Ouest<br \/>\nNRL LOT MT7 (\u00cele de la R\u00e9union) \/ 400 T \/ PICO OI<br \/>\nPONT SUR L\u2019HUVEAUNE \/ 350 T \/ Bouygues TP<br \/>\nTRANSPARENCE HYDRAULIQUE ARLES \/ 1500 T \/ GTM Sud<br \/>\nPONT SUR LE GARDON LA GRAND-COMBE \/ 250 T \/ NGE<br \/>\nTR\u00c9MIE ROND-POINT DES LAVANDES \/ 300 T \/ Bouygues TP<\/p>\n\n\t\t<\/div>\n\t<\/div>\n\n\t<div  class=\"wpb_single_image wpb_content_element vc_align_left\">\n\t\t\n\t\t<figure class=\"wpb_wrapper vc_figure\">\n\t\t\t<div class=\"vc_single_image-wrapper   vc_box_border_grey\"><img loading=\"lazy\" decoding=\"async\" width=\"1920\" height=\"1080\" src=\"https:\/\/www.samt.fr\/wp-content\/uploads\/2021\/11\/samt_hp_merci3-min.jpg\" class=\"vc_single_image-img attachment-full\" alt=\"\" \/><\/div>\n\t\t<\/figure>\n\t<\/div>\n\n\t<div class=\"wpb_text_column wpb_content_element\" >\n\t\t<div class=\"wpb_wrapper\">\n\t\t\t<p>ITER (Cadarache)<\/p>\n\n\t\t<\/div>\n\t<\/div>\n<\/div><\/div><\/div><\/div><div class=\"vc_row wpb_row vc_row-fluid\"><div class=\"wpb_column vc_column_container vc_col-sm-12\"><div class=\"vc_column-inner\"><div class=\"wpb_wrapper\"><div class=\"vc_empty_space\"   style=\"height: 32px\"><span class=\"vc_empty_space_inner\"><\/span><\/div>\n\t<div class=\"wpb_text_column wpb_content_element  page-sous-titre\" >\n\t\t<div class=\"wpb_wrapper\">\n\t\t\t<h3>NUCLEAR INDUSTRY<\/h3>\n\n\t\t<\/div>\n\t<\/div>\n\n\t<div class=\"wpb_text_column wpb_content_element\" >\n\t\t<div class=\"wpb_wrapper\">\n\t\t\t<p>The nuclear industry has been a key sector of our business for many years, given the safety standards required.<\/p>\n<p>RES PISCINE CADARACHE \/ 1 800 T \/ CM \/ Technicatome<br \/>\nRES R\u00c9ACTEUR CADARACHE \/ 4 500 T \/ GTM-CM \/ Technicatome<br \/>\nCEDRA CADARACHE \/ 850 T \/ L\u00e9on grosse \/ Cea<br \/>\nB\u00c2TIMENT M 51 \u00ceLE LONGUE BREST \/ 1 200 T \/ Eiffage TP \/ EADS<br \/>\nMAGENTA CADARACHE \/ 1 200 T \/ CBM-GTM<br \/>\nB\u00c2TIMENT REC II \/ 1 200 T \/ GCC\/ Areva Pierrelatte<br \/>\nR\u00c9ACTEUR RJH \/ 10 000 T \/ Razel-Bec \/ Cea Cadarache<br \/>\nB\u00c2TIMENT AGATE \/ 1200 T \/ GCC \/ Cea Cadarache<br \/>\nENCEINTE INTERNE EPR FLAMANVILLE \/ 300 T \/ Bouygues TP \/ EDF<br \/>\nB\u00c2CHE PTR CENTRALE DE FESSENHEIM \/ 80 T \/ Nuvia &#8211; TS \/ EDF<br \/>\nB\u00c2TIMENT STEMA \/ 800 T\/ GCC\/ CEA Marcoule<br \/>\nB\u00c2TIMENT STEP STAR \/ 600 T \/ GCC \/ Cea Cadarache<br \/>\nTOKAMAK ITER \/ 15000 T \/ Vinci &#8211; Ferrovial &#8211; Razel<br \/>\nB\u00c2TIMENT EPURE, CEA VALDUC \/ CBR<br \/>\nB\u00c2TIMENT EIP, CEA MARCOULE \/ 1500 T \/ GCC<br \/>\n18 B\u00c2TIMENTS DUS, CENTRALE BUGEY, CRUAS, TRICASTIN, CIVAUX, BLAYAIS \/ 7500 T \/ Campenon Bernard Nucl\u00e9aire<br \/>\nTOKAMAK ITER LOT TB18 \/ 3\u2009000\u202fT \/ Vinci-Ferrovial &#8211; Razel<br \/>\nBLOC O CEA CADARACHE \/ 600\u202fT \/ L\u00e9on Grosse Nucl\u00e9aire<br \/>\nSOUTE MUNITIONS CANJUERS \/ 500\u202fT \/ GTM SUD<br \/>\nASCENSEUR A BATEAU ATLAS 07 LA CIOTAT \/ 1\u2009500\u202fT \/ GTM SUD<br \/>\nCEA VALDUC EPURE TEUTAT\u00c8S 2 \/ 6\u2009200\u202fT \/ CBR &#8211; CBN<br \/>\nUSINE VALORISATION D\u00c9CHETS CVND SAINTE-SUZANNE (\u00cele de la R\u00e9union) \/ 700\u202fT \/ SBTPC R\u00e9union<br \/>\nUSINE TRAITEMENT D\u00c9CHETS UVE SAINT-PIERRE \/ 1\u2009800\u202fT \/ SPIE &#8211; GTOI<\/p>\n\n\t\t<\/div>\n\t<\/div>\n<\/div><\/div><\/div><\/div><div class=\"vc_row wpb_row vc_row-fluid\"><div class=\"wpb_column vc_column_container vc_col-sm-12\"><div class=\"vc_column-inner\"><div class=\"wpb_wrapper\"><div class=\"vc_empty_space\"   style=\"height: 50px\"><span class=\"vc_empty_space_inner\"><\/span><\/div><\/div><\/div><\/div><\/div>"},"excerpt":{"rendered":"R\u00e9f\u00e9rences infiniment merci Aux ma\u00eetres d\u2019ouvrage, aux ma\u00eetres d\u2019\u0153uvre et aux entreprises qui nous font confiance [...]","protected":false},"author":1,"featured_media":0,"parent":0,"menu_order":0,"comment_status":"closed","ping_status":"closed","template":"","meta":{"footnotes":""},"class_list":["post-237","page","type-page","status-publish","hentry"],"yoast_head":"<!-- This site is optimized with the Yoast SEO plugin v18.0 - https:\/\/yoast.com\/wordpress\/plugins\/seo\/ -->\n<meta name=\"robots\" content=\"index, follow, max-snippet:-1, max-image-preview:large, max-video-preview:-1\" \/>\n<link rel=\"canonical\" href=\"https:\/\/www.samt.fr\/en\/references\/\" \/>\n<meta property=\"og:locale\" content=\"en_GB\" \/>\n<meta property=\"og:type\" content=\"article\" \/>\n<meta property=\"og:title\" content=\"R\u00e9f\u00e9rences - SAMT\" \/>\n<meta property=\"og:url\" content=\"https:\/\/www.samt.fr\/en\/references\/\" \/>\n<meta property=\"og:site_name\" content=\"SAMT\" \/>\n<meta property=\"article:modified_time\" content=\"2022-04-11T14:39:19+00:00\" \/>\n<meta name=\"twitter:card\" content=\"summary_large_image\" \/>\n<meta name=\"twitter:label1\" content=\"Estimated reading time\" \/>\n\t<meta name=\"twitter:data1\" content=\"12 minutes\" \/>\n<!-- \/ Yoast SEO plugin. -->","yoast_head_json":{"robots":{"index":"index","follow":"follow","max-snippet":"max-snippet:-1","max-image-preview":"max-image-preview:large","max-video-preview":"max-video-preview:-1"},"canonical":"https:\/\/www.samt.fr\/en\/references\/","og_locale":"en_GB","og_type":"article","og_title":"R\u00e9f\u00e9rences - SAMT","og_url":"https:\/\/www.samt.fr\/en\/references\/","og_site_name":"SAMT","article_modified_time":"2022-04-11T14:39:19+00:00","twitter_card":"summary_large_image","twitter_misc":{"Estimated reading time":"12 minutes"},"schema":{"@context":"https:\/\/schema.org","@graph":[{"@type":"WebSite","@id":"https:\/\/www.samt.fr\/#website","url":"https:\/\/www.samt.fr\/","name":"SAMT","description":"Les armaturiers qui r\u00eavent de b\u00e9ton transparent","inLanguage":"en-GB"},{"@type":"WebPage","@id":"https:\/\/www.samt.fr\/references\/#webpage","url":"https:\/\/www.samt.fr\/references\/","name":"R\u00e9f\u00e9rences - SAMT","isPartOf":{"@id":"https:\/\/www.samt.fr\/#website"},"datePublished":"2021-10-20T08:14:07+00:00","dateModified":"2022-04-11T14:39:19+00:00","breadcrumb":{"@id":"https:\/\/www.samt.fr\/references\/#breadcrumb"},"inLanguage":"en-GB","potentialAction":[{"@type":"ReadAction","target":["https:\/\/www.samt.fr\/references\/"]}]},{"@type":"BreadcrumbList","@id":"https:\/\/www.samt.fr\/references\/#breadcrumb","itemListElement":[{"@type":"ListItem","position":1,"name":"Accueil","item":"https:\/\/www.samt.fr\/"},{"@type":"ListItem","position":2,"name":"R\u00e9f\u00e9rences"}]}]}},"_links":{"self":[{"href":"https:\/\/www.samt.fr\/en\/wp-json\/wp\/v2\/pages\/237","targetHints":{"allow":["GET"]}}],"collection":[{"href":"https:\/\/www.samt.fr\/en\/wp-json\/wp\/v2\/pages"}],"about":[{"href":"https:\/\/www.samt.fr\/en\/wp-json\/wp\/v2\/types\/page"}],"author":[{"embeddable":true,"href":"https:\/\/www.samt.fr\/en\/wp-json\/wp\/v2\/users\/1"}],"replies":[{"embeddable":true,"href":"https:\/\/www.samt.fr\/en\/wp-json\/wp\/v2\/comments?post=237"}],"version-history":[{"count":11,"href":"https:\/\/www.samt.fr\/en\/wp-json\/wp\/v2\/pages\/237\/revisions"}],"predecessor-version":[{"id":877,"href":"https:\/\/www.samt.fr\/en\/wp-json\/wp\/v2\/pages\/237\/revisions\/877"}],"wp:attachment":[{"href":"https:\/\/www.samt.fr\/en\/wp-json\/wp\/v2\/media?parent=237"}],"curies":[{"name":"wp","href":"https:\/\/api.w.org\/{rel}","templated":true}]}}